{"id":1323,"date":"2023-12-09T19:25:04","date_gmt":"2023-12-10T02:25:04","guid":{"rendered":"https:\/\/www.phillipginn.com\/shop\/?post_type=product&#038;p=1323"},"modified":"2024-09-14T13:49:47","modified_gmt":"2024-09-14T20:49:47","slug":"qie-shufu-%e5%88%87-%e6%9d%9f%e7%bc%9a-cut-the-bind-color-print","status":"publish","type":"product","link":"https:\/\/www.phillipginn.com\/shop\/product\/qie-shufu-%e5%88%87-%e6%9d%9f%e7%bc%9a-cut-the-bind-color-print\/","title":{"rendered":"Qi\u00e8 Sh\u00f9f\u00f9 (\u5207 \u675f\u7f1a)  &#8211; &#8220;Cut The Bind&#8221; &#8211; Color Print"},"content":{"rendered":"<p><b>Qi\u00e8 Sh\u00f9f\u00f9 (\u5207 \u675f\u7f1a) &#8211; &#8220;Cut The Bind&#8221;, by Phillip Ginn<\/b><\/p>\n<p>An original concept for the September 2023 group exhibition entitled &#8220;Rosebuds and\u00a0Razorblades&#8221;, curated by Christie Shinn of Horatora Studios (creator of &#8220;Demon Bitch&#8221;). The 22&#215;15 painting uses Chinese, Western, and feminine elements as metaphor to convey pain, oppression, progress, freedom, and beauty.<\/p>\n<p>August 2023. Ink, watercolor, gouache, and acrylic gouache on 22&#215;15 300lb Moulin du Roy cold press watercolor paper. Printed on 11&#215;17 Red River Aurora Natural White 64lb fine art paper using Canon ChromaLife100+ long-lasting dye inks.<\/p>\n","protected":false},"excerpt":{"rendered":"<p>Qi\u00e8 Sh\u00f9f\u00f9 (\u5207 \u675f\u7f1a) &#8211; &#8220;Cut The Bind&#8221;, by Phillip Ginn An original concept for the September 2023 group exhibition entitled &#8220;Rosebuds and\u00a0Razorblades&#8221;, curated by Christie Shinn of Horatora Studios&hellip;<\/p>\n","protected":false},"featured_media":1328,"comment_status":"open","ping_status":"closed","template":"","meta":[],"product_brand":[],"product_cat":[37,374],"product_tag":[91,460,458,448,461,172,357,107,105],"class_list":{"0":"post-1323","1":"product","2":"type-product","3":"status-publish","4":"has-post-thumbnail","6":"product_cat-prints","7":"product_cat-open-edition-prints","8":"product_tag-art","9":"product_tag-asian","10":"product_tag-chinese","11":"product_tag-color","12":"product_tag-conceptual","13":"product_tag-female","14":"product_tag-gouache","15":"product_tag-pen-and-ink","16":"product_tag-watercolor","17":"product_shipping_class-usps-envelope","19":"first","20":"instock","21":"taxable","22":"shipping-taxable","23":"purchasable","24":"product-type-simple"},"jetpack_sharing_enabled":true,"_links":{"self":[{"href":"https:\/\/www.phillipginn.com\/shop\/wp-json\/wp\/v2\/product\/1323","targetHints":{"allow":["GET"]}}],"collection":[{"href":"https:\/\/www.phillipginn.com\/shop\/wp-json\/wp\/v2\/product"}],"about":[{"href":"https:\/\/www.phillipginn.com\/shop\/wp-json\/wp\/v2\/types\/product"}],"replies":[{"embeddable":true,"href":"https:\/\/www.phillipginn.com\/shop\/wp-json\/wp\/v2\/comments?post=1323"}],"wp:featuredmedia":[{"embeddable":true,"href":"https:\/\/www.phillipginn.com\/shop\/wp-json\/wp\/v2\/media\/1328"}],"wp:attachment":[{"href":"https:\/\/www.phillipginn.com\/shop\/wp-json\/wp\/v2\/media?parent=1323"}],"wp:term":[{"taxonomy":"product_brand","embeddable":true,"href":"https:\/\/www.phillipginn.com\/shop\/wp-json\/wp\/v2\/product_brand?post=1323"},{"taxonomy":"product_cat","embeddable":true,"href":"https:\/\/www.phillipginn.com\/shop\/wp-json\/wp\/v2\/product_cat?post=1323"},{"taxonomy":"product_tag","embeddable":true,"href":"https:\/\/www.phillipginn.com\/shop\/wp-json\/wp\/v2\/product_tag?post=1323"}],"curies":[{"name":"wp","href":"https:\/\/api.w.org\/{rel}","templated":true}]}}